{"id":3314,"date":"2022-09-14T09:36:45","date_gmt":"2022-09-14T07:36:45","guid":{"rendered":"https:\/\/36.diskursfestival.de\/?p=3314"},"modified":"2022-09-25T12:19:51","modified_gmt":"2022-09-25T10:19:51","slug":"freitag-14-oktober","status":"publish","type":"page","link":"https:\/\/36.diskursfestival.de\/en\/smash\/freitag-14-oktober\/","title":{"rendered":"Friday, 14th of October"},"content":{"rendered":"<div data-elementor-type=\"wp-post\" data-elementor-id=\"3314\" class=\"elementor elementor-3314\">\n\t\t\t\t\t\t\t<div class=\"elementor-element elementor-element-6f9064a e-container--column e-container\" data-id=\"6f9064a\" data-element_type=\"container\">\t\t\t\t<div class=\"elementor-element elementor-element-25069a8 elementor-widget elementor-widget-breadcrumbs\" data-id=\"25069a8\" data-element_type=\"widget\" data-widget_type=\"breadcrumbs.default\">\n\t\t\t\t<div class=\"elementor-widget-container\">\n\t\t\t<link rel=\"stylesheet\" href=\"https:\/\/36.diskursfestival.de\/wp-content\/plugins\/elementor-pro\/assets\/css\/widget-theme-elements.min.css\"><span id=\"breadcrumbs\"><span><span><a href=\"https:\/\/36.diskursfestival.de\/en\/\">Start<\/a><\/span><\/span>\t\t<\/div>\n\t\t\t\t<\/div>\n\t\t\t\t<div class=\"elementor-element elementor-element-c778f64 elementor-widget elementor-widget-heading\" data-id=\"c778f64\" data-element_type=\"widget\" data-widget_type=\"heading.default\">\n\t\t\t\t<div class=\"elementor-widget-container\">\n\t\t\t<style>\/*! elementor - v3.7.7 - 20-09-2022 *\/\n.elementor-heading-title{padding:0;margin:0;line-height:1}.elementor-widget-heading .elementor-heading-title[class*=elementor-size-]>a{color:inherit;font-size:inherit;line-height:inherit}.elementor-widget-heading .elementor-heading-title.elementor-size-small{font-size:15px}.elementor-widget-heading .elementor-heading-title.elementor-size-medium{font-size:19px}.elementor-widget-heading .elementor-heading-title.elementor-size-large{font-size:29px}.elementor-widget-heading .elementor-heading-title.elementor-size-xl{font-size:39px}.elementor-widget-heading .elementor-heading-title.elementor-size-xxl{font-size:59px}<\/style><h2 class=\"elementor-heading-title elementor-size-default\">Freiatg 14. Oktober<\/h2>\t\t<\/div>\n\t\t\t\t<\/div>\n\t\t<div class=\"elementor-element elementor-element-456ae6a link purple e-container--column e-container\" data-id=\"456ae6a\" data-element_type=\"container\">\t\t\t\t<div class=\"elementor-element elementor-element-07295de elementor-widget elementor-widget-text-editor\" data-id=\"07295de\" data-element_type=\"widget\" data-widget_type=\"text-editor.default\">\n\t\t\t\t<div class=\"elementor-widget-container\">\n\t\t\t<style>\/*! elementor - v3.7.7 - 20-09-2022 *\/\n.elementor-widget-text-editor.elementor-drop-cap-view-stacked .elementor-drop-cap{background-color:#818a91;color:#fff}.elementor-widget-text-editor.elementor-drop-cap-view-framed .elementor-drop-cap{color:#818a91;border:3px solid;background-color:transparent}.elementor-widget-text-editor:not(.elementor-drop-cap-view-default) .elementor-drop-cap{margin-top:8px}.elementor-widget-text-editor:not(.elementor-drop-cap-view-default) .elementor-drop-cap-letter{width:1em;height:1em}.elementor-widget-text-editor .elementor-drop-cap{float:left;text-align:center;line-height:1;font-size:50px}.elementor-widget-text-editor .elementor-drop-cap-letter{display:inline-block}<\/style>\t\t\t\t<p>18:00 pm<br \/>Opening of the Festival Centre<br \/>open continuously until 00:00<\/p><p style=\"text-align: right;\"><em>Festival Center<\/em><\/p>\t\t\t\t\t\t<\/div>\n\t\t\t\t<\/div>\n\t\t\t\t<div class=\"elementor-element elementor-element-6ba275b elementor-widget elementor-widget-text-editor\" data-id=\"6ba275b\" data-element_type=\"widget\" data-widget_type=\"text-editor.default\">\n\t\t\t\t<div class=\"elementor-widget-container\">\n\t\t\t\t\t\t\t<p>18:00 pm<br \/>Festival opening<\/p><p style=\"text-align: right;\"><em>Festival Center<\/em><\/p>\t\t\t\t\t\t<\/div>\n\t\t\t\t<\/div>\n\t\t\t\t<div class=\"elementor-element elementor-element-6417621 elementor-widget elementor-widget-text-editor\" data-id=\"6417621\" data-element_type=\"widget\" data-widget_type=\"text-editor.default\">\n\t\t\t\t<div class=\"elementor-widget-container\">\n\t\t\t\t\t\t\t<p style=\"text-align: left;\">18:45 pm<br \/><a href=\"https:\/\/36.diskursfestival.de\/en\/das-festival\/gemeinschaft\/\">Big Meal 1<\/a><br \/>(registration required)<\/p><p style=\"text-align: right;\"><em>Festival Center<\/em><\/p>\t\t\t\t\t\t<\/div>\n\t\t\t\t<\/div>\n\t\t\t\t<div class=\"elementor-element elementor-element-9a47db2 elementor-widget elementor-widget-text-editor\" data-id=\"9a47db2\" data-element_type=\"widget\" data-widget_type=\"text-editor.default\">\n\t\t\t\t<div class=\"elementor-widget-container\">\n\t\t\t\t\t\t\t<p style=\"text-align: left;\">20:00 pm<br \/>hanging out with music<\/p><p style=\"text-align: right;\"><em>Festival Center<\/em><\/p>\t\t\t\t\t\t<\/div>\n\t\t\t\t<\/div>\n\t\t<\/div><\/div>\t\t\t\t\t<\/div>","protected":false},"excerpt":{"rendered":"<p>Freiatg 14. Oktober 18:00 Uhr\u00d6ffnung Festivalzentrumdurchgehend offen bis 00:00 Uhr Festivalzentrum 18:00 UhrEr\u00f6ffnung Festival Festivalzentrum 18:45 UhrBig Meal 1(Anmeldung erforderlich) Festivalzentrum 20:00 UhrH\u00e4ng Out mit Musik Festivalzentrum<\/p>","protected":false},"author":1,"featured_media":0,"parent":3258,"menu_order":0,"comment_status":"closed","ping_status":"closed","template":"","meta":[],"_links":{"self":[{"href":"https:\/\/36.diskursfestival.de\/en\/wp-json\/wp\/v2\/pages\/3314"}],"collection":[{"href":"https:\/\/36.diskursfestival.de\/en\/wp-json\/wp\/v2\/pages"}],"about":[{"href":"https:\/\/36.diskursfestival.de\/en\/wp-json\/wp\/v2\/types\/page"}],"author":[{"embeddable":true,"href":"https:\/\/36.diskursfestival.de\/en\/wp-json\/wp\/v2\/users\/1"}],"replies":[{"embeddable":true,"href":"https:\/\/36.diskursfestival.de\/en\/wp-json\/wp\/v2\/comments?post=3314"}],"version-history":[{"count":25,"href":"https:\/\/36.diskursfestival.de\/en\/wp-json\/wp\/v2\/pages\/3314\/revisions"}],"predecessor-version":[{"id":4754,"href":"https:\/\/36.diskursfestival.de\/en\/wp-json\/wp\/v2\/pages\/3314\/revisions\/4754"}],"up":[{"embeddable":true,"href":"https:\/\/36.diskursfestival.de\/en\/wp-json\/wp\/v2\/pages\/3258"}],"wp:attachment":[{"href":"https:\/\/36.diskursfestival.de\/en\/wp-json\/wp\/v2\/media?parent=3314"}],"curies":[{"name":"wp","href":"https:\/\/api.w.org\/{rel}","templated":true}]}}