{"id":3351,"date":"2022-09-14T09:48:45","date_gmt":"2022-09-14T07:48:45","guid":{"rendered":"https:\/\/36.diskursfestival.de\/?p=3351"},"modified":"2022-09-25T12:19:51","modified_gmt":"2022-09-25T10:19:51","slug":"sonntag-16-oktober","status":"publish","type":"page","link":"https:\/\/36.diskursfestival.de\/en\/smash\/sonntag-16-oktober\/","title":{"rendered":"Sunday, 23rd of October"},"content":{"rendered":"<div data-elementor-type=\"wp-post\" data-elementor-id=\"3351\" class=\"elementor elementor-3351\">\n\t\t\t\t\t\t\t<div class=\"elementor-element elementor-element-f76e79c link purple e-container--column e-container\" data-id=\"f76e79c\" data-element_type=\"container\">\t\t\t\t<div class=\"elementor-element elementor-element-6211657 elementor-widget elementor-widget-breadcrumbs\" data-id=\"6211657\" data-element_type=\"widget\" data-widget_type=\"breadcrumbs.default\">\n\t\t\t\t<div class=\"elementor-widget-container\">\n\t\t\t<link rel=\"stylesheet\" href=\"https:\/\/36.diskursfestival.de\/wp-content\/plugins\/elementor-pro\/assets\/css\/widget-theme-elements.min.css\"><span id=\"breadcrumbs\"><span><span><a href=\"https:\/\/36.diskursfestival.de\/en\/\">Start<\/a><\/span><\/span>\t\t<\/div>\n\t\t\t\t<\/div>\n\t\t\t\t<div class=\"elementor-element elementor-element-297d8e7 elementor-widget elementor-widget-heading\" data-id=\"297d8e7\" data-element_type=\"widget\" data-widget_type=\"heading.default\">\n\t\t\t\t<div class=\"elementor-widget-container\">\n\t\t\t<style>\/*! elementor - v3.7.7 - 20-09-2022 *\/\n.elementor-heading-title{padding:0;margin:0;line-height:1}.elementor-widget-heading .elementor-heading-title[class*=elementor-size-]>a{color:inherit;font-size:inherit;line-height:inherit}.elementor-widget-heading .elementor-heading-title.elementor-size-small{font-size:15px}.elementor-widget-heading .elementor-heading-title.elementor-size-medium{font-size:19px}.elementor-widget-heading .elementor-heading-title.elementor-size-large{font-size:29px}.elementor-widget-heading .elementor-heading-title.elementor-size-xl{font-size:39px}.elementor-widget-heading .elementor-heading-title.elementor-size-xxl{font-size:59px}<\/style><h2 class=\"elementor-heading-title elementor-size-default\">Sonntag. 16. Oktober<\/h2>\t\t<\/div>\n\t\t\t\t<\/div>\n\t\t<div class=\"elementor-element elementor-element-98716e5 link purple e-container--column e-container\" data-id=\"98716e5\" data-element_type=\"container\">\t\t\t\t<div class=\"elementor-element elementor-element-03b6a8a elementor-widget elementor-widget-text-editor\" data-id=\"03b6a8a\" data-element_type=\"widget\" data-widget_type=\"text-editor.default\">\n\t\t\t\t<div class=\"elementor-widget-container\">\n\t\t\t<style>\/*! elementor - v3.7.7 - 20-09-2022 *\/\n.elementor-widget-text-editor.elementor-drop-cap-view-stacked .elementor-drop-cap{background-color:#818a91;color:#fff}.elementor-widget-text-editor.elementor-drop-cap-view-framed .elementor-drop-cap{color:#818a91;border:3px solid;background-color:transparent}.elementor-widget-text-editor:not(.elementor-drop-cap-view-default) .elementor-drop-cap{margin-top:8px}.elementor-widget-text-editor:not(.elementor-drop-cap-view-default) .elementor-drop-cap-letter{width:1em;height:1em}.elementor-widget-text-editor .elementor-drop-cap{float:left;text-align:center;line-height:1;font-size:50px}.elementor-widget-text-editor .elementor-drop-cap-letter{display:inline-block}<\/style>\t\t\t\t<p>10:00 pm<br \/>Opening of the Festival Centre<br \/>open continuously until 00:00<\/p><p style=\"text-align: right;\"><em>Festival Center<\/em><\/p>\t\t\t\t\t\t<\/div>\n\t\t\t\t<\/div>\n\t\t\t\t<div class=\"elementor-element elementor-element-b0daacf elementor-widget elementor-widget-text-editor\" data-id=\"b0daacf\" data-element_type=\"widget\" data-widget_type=\"text-editor.default\">\n\t\t\t\t<div class=\"elementor-widget-container\">\n\t\t\t\t\t\t\t<p>10:30 a.m. to 11:00 a.m.<br \/>Introduction to the play<br \/><a href=\"https:\/\/36.diskursfestival.de\/en\/das-festival\/theater-und-performance\/#be_water\"><em>Be Water, My Friend.<\/em><\/a><\/p><p style=\"text-align: right;\"><em>Festival Center<\/em><\/p>\t\t\t\t\t\t<\/div>\n\t\t\t\t<\/div>\n\t\t\t\t<div class=\"elementor-element elementor-element-4ba835f elementor-widget elementor-widget-text-editor\" data-id=\"4ba835f\" data-element_type=\"widget\" data-widget_type=\"text-editor.default\">\n\t\t\t\t<div class=\"elementor-widget-container\">\n\t\t\t\t\t\t\t<p>11:00 a.m.<br \/>Lee\/Chung\/Klein\/Eichert:\u00a0<br \/><a href=\"https:\/\/36.diskursfestival.de\/en\/das-festival\/theater-und-performance\/#be_water\"><em>Be Water, My Friend.<\/em><\/a><\/p><p style=\"text-align: right;\"><em>performance lab<\/em><\/p>\t\t\t\t\t\t<\/div>\n\t\t\t\t<\/div>\n\t\t\t\t<div class=\"elementor-element elementor-element-c761567 elementor-widget elementor-widget-text-editor\" data-id=\"c761567\" data-element_type=\"widget\" data-widget_type=\"text-editor.default\">\n\t\t\t\t<div class=\"elementor-widget-container\">\n\t\t\t\t\t\t\t<p>01:30 p.m. to 02:00 p.m.<br \/>Introduction to the play<br \/><a href=\"https:\/\/36.diskursfestival.de\/en\/das-festival\/theater-und-performance\/#be_water\"><em>Be Water, My Friend.<\/em><\/a><\/p><p style=\"text-align: right;\"><em>Festival Center<\/em><\/p>\t\t\t\t\t\t<\/div>\n\t\t\t\t<\/div>\n\t\t\t\t<div class=\"elementor-element elementor-element-eadae2c elementor-widget elementor-widget-text-editor\" data-id=\"eadae2c\" data-element_type=\"widget\" data-widget_type=\"text-editor.default\">\n\t\t\t\t<div class=\"elementor-widget-container\">\n\t\t\t\t\t\t\t<p>14:00 pm<br \/>Lee\/Chung\/Klein\/Eichert:\u00a0<br \/><a href=\"https:\/\/36.diskursfestival.de\/en\/das-festival\/theater-und-performance\/#be_water\"><em>Be Water, My Friend.<\/em><\/a><\/p><p style=\"text-align: right;\"><em>performance lab<\/em><\/p>\t\t\t\t\t\t<\/div>\n\t\t\t\t<\/div>\n\t\t\t\t<div class=\"elementor-element elementor-element-a2655f1 elementor-widget elementor-widget-text-editor\" data-id=\"a2655f1\" data-element_type=\"widget\" data-widget_type=\"text-editor.default\">\n\t\t\t\t<div class=\"elementor-widget-container\">\n\t\t\t\t\t\t\t<p>15:00 pm<br \/>TL Morrison: Workshop 1<br \/><a href=\"https:\/\/36.diskursfestival.de\/en\/das-festival\/theater-und-performance\/#posthuman\"><i>Posthuman Performance Lab<\/i><\/a><\/p><p style=\"text-align: right;\"><em>tba<\/em><\/p>\t\t\t\t\t\t<\/div>\n\t\t\t\t<\/div>\n\t\t\t\t<div class=\"elementor-element elementor-element-dcd1a12 elementor-widget elementor-widget-text-editor\" data-id=\"dcd1a12\" data-element_type=\"widget\" data-widget_type=\"text-editor.default\">\n\t\t\t\t<div class=\"elementor-widget-container\">\n\t\t\t\t\t\t\t<p>18:00 pm<br \/>After Talk to\u00a0<br \/><a href=\"https:\/\/36.diskursfestival.de\/en\/das-festival\/theater-und-performance\/#be_water\"><em>Be Water, My Friend.<\/em><\/a><\/p><p style=\"text-align: right;\"><em>Festival Center<\/em><\/p>\t\t\t\t\t\t<\/div>\n\t\t\t\t<\/div>\n\t\t<\/div><\/div>\t\t\t\t\t<\/div>","protected":false},"excerpt":{"rendered":"<p>Sonntag. 16. Oktober 10:00 Uhr\u00d6ffnung Festivalzentrumdurchgehend offen bis 00:00 Uhr Festivalzentrum 10:30 bis 11:00 UhrEinf\u00fchrung in das St\u00fcckBe Water, My Friend. Festivalzentrum 11:00 UhrLee\/Chung\/Klein\/Eichert:\u00a0Be Water, My Friend. Theaterlabor 13:30 bis 14:00 UhrEinf\u00fchrung in das St\u00fcckBe Water, My Friend. Festivalzentrum 14:00 UhrLee\/Chung\/Klein\/Eichert:\u00a0Be Water, My Friend. Theaterlabor 15:00 UhrTL Morrison: Workshop 1Posthuman Performance Lab tba 18:00 UhrNachgespr\u00e4ch [&hellip;]<\/p>","protected":false},"author":1,"featured_media":0,"parent":3258,"menu_order":0,"comment_status":"closed","ping_status":"closed","template":"","meta":[],"_links":{"self":[{"href":"https:\/\/36.diskursfestival.de\/en\/wp-json\/wp\/v2\/pages\/3351"}],"collection":[{"href":"https:\/\/36.diskursfestival.de\/en\/wp-json\/wp\/v2\/pages"}],"about":[{"href":"https:\/\/36.diskursfestival.de\/en\/wp-json\/wp\/v2\/types\/page"}],"author":[{"embeddable":true,"href":"https:\/\/36.diskursfestival.de\/en\/wp-json\/wp\/v2\/users\/1"}],"replies":[{"embeddable":true,"href":"https:\/\/36.diskursfestival.de\/en\/wp-json\/wp\/v2\/comments?post=3351"}],"version-history":[{"count":10,"href":"https:\/\/36.diskursfestival.de\/en\/wp-json\/wp\/v2\/pages\/3351\/revisions"}],"predecessor-version":[{"id":4721,"href":"https:\/\/36.diskursfestival.de\/en\/wp-json\/wp\/v2\/pages\/3351\/revisions\/4721"}],"up":[{"embeddable":true,"href":"https:\/\/36.diskursfestival.de\/en\/wp-json\/wp\/v2\/pages\/3258"}],"wp:attachment":[{"href":"https:\/\/36.diskursfestival.de\/en\/wp-json\/wp\/v2\/media?parent=3351"}],"curies":[{"name":"wp","href":"https:\/\/api.w.org\/{rel}","templated":true}]}}