{"id":3361,"date":"2022-09-14T09:52:53","date_gmt":"2022-09-14T07:52:53","guid":{"rendered":"https:\/\/36.diskursfestival.de\/?p=3361"},"modified":"2022-09-25T12:19:50","modified_gmt":"2022-09-25T10:19:50","slug":"sonntag-23-oktober","status":"publish","type":"page","link":"https:\/\/36.diskursfestival.de\/en\/pause\/sonntag-23-oktober\/","title":{"rendered":"Sunday, 23rd of October"},"content":{"rendered":"<div data-elementor-type=\"wp-post\" data-elementor-id=\"3361\" class=\"elementor elementor-3361\">\n\t\t\t\t\t\t\t<div class=\"elementor-element elementor-element-a177b4d link eggshell e-container--column e-container\" data-id=\"a177b4d\" data-element_type=\"container\">\t\t\t\t<div class=\"elementor-element elementor-element-689e494 elementor-widget elementor-widget-breadcrumbs\" data-id=\"689e494\" data-element_type=\"widget\" data-widget_type=\"breadcrumbs.default\">\n\t\t\t\t<div class=\"elementor-widget-container\">\n\t\t\t<link rel=\"stylesheet\" href=\"https:\/\/36.diskursfestival.de\/wp-content\/plugins\/elementor-pro\/assets\/css\/widget-theme-elements.min.css\"><span id=\"breadcrumbs\"><span><span><a href=\"https:\/\/36.diskursfestival.de\/en\/\">Start<\/a><\/span><\/span>\t\t<\/div>\n\t\t\t\t<\/div>\n\t\t\t\t<div class=\"elementor-element elementor-element-793651a elementor-widget elementor-widget-heading\" data-id=\"793651a\" data-element_type=\"widget\" data-widget_type=\"heading.default\">\n\t\t\t\t<div class=\"elementor-widget-container\">\n\t\t\t<style>\/*! elementor - v3.7.7 - 20-09-2022 *\/\n.elementor-heading-title{padding:0;margin:0;line-height:1}.elementor-widget-heading .elementor-heading-title[class*=elementor-size-]>a{color:inherit;font-size:inherit;line-height:inherit}.elementor-widget-heading .elementor-heading-title.elementor-size-small{font-size:15px}.elementor-widget-heading .elementor-heading-title.elementor-size-medium{font-size:19px}.elementor-widget-heading .elementor-heading-title.elementor-size-large{font-size:29px}.elementor-widget-heading .elementor-heading-title.elementor-size-xl{font-size:39px}.elementor-widget-heading .elementor-heading-title.elementor-size-xxl{font-size:59px}<\/style><h2 class=\"elementor-heading-title elementor-size-default\">Sunday, 23rd of October<\/h2>\t\t<\/div>\n\t\t\t\t<\/div>\n\t\t<div class=\"elementor-element elementor-element-14a21b9 link purple e-container--column e-container\" data-id=\"14a21b9\" data-element_type=\"container\">\t\t\t\t<div class=\"elementor-element elementor-element-b449648 elementor-widget elementor-widget-text-editor\" data-id=\"b449648\" data-element_type=\"widget\" data-widget_type=\"text-editor.default\">\n\t\t\t\t<div class=\"elementor-widget-container\">\n\t\t\t<style>\/*! elementor - v3.7.7 - 20-09-2022 *\/\n.elementor-widget-text-editor.elementor-drop-cap-view-stacked .elementor-drop-cap{background-color:#818a91;color:#fff}.elementor-widget-text-editor.elementor-drop-cap-view-framed .elementor-drop-cap{color:#818a91;border:3px solid;background-color:transparent}.elementor-widget-text-editor:not(.elementor-drop-cap-view-default) .elementor-drop-cap{margin-top:8px}.elementor-widget-text-editor:not(.elementor-drop-cap-view-default) .elementor-drop-cap-letter{width:1em;height:1em}.elementor-widget-text-editor .elementor-drop-cap{float:left;text-align:center;line-height:1;font-size:50px}.elementor-widget-text-editor .elementor-drop-cap-letter{display:inline-block}<\/style>\t\t\t\t<p>12:00 p.m.<br \/>Opening of the Festival Centre<br \/>open continuously until 00:00<\/p><p style=\"text-align: right;\"><em>Festival Center<\/em><\/p>\t\t\t\t\t\t<\/div>\n\t\t\t\t<\/div>\n\t\t\t\t<div class=\"elementor-element elementor-element-f707cfb elementor-widget elementor-widget-text-editor\" data-id=\"f707cfb\" data-element_type=\"widget\" data-widget_type=\"text-editor.default\">\n\t\t\t\t<div class=\"elementor-widget-container\">\n\t\t\t\t\t\t\t<p>11:30 a.m. to 12:00 p.m.<br \/>Stage inspection and introduction <em><a href=\"https:\/\/36.diskursfestival.de\/en\/das-festival\/theater-und-performance\/#handeln\">Action by Omission<\/a> 4<\/em><\/p><p style=\"text-align: right;\"><em>performance lab<\/em><\/p>\t\t\t\t\t\t<\/div>\n\t\t\t\t<\/div>\n\t\t\t\t<div class=\"elementor-element elementor-element-cdc0271 elementor-widget elementor-widget-text-editor\" data-id=\"cdc0271\" data-element_type=\"widget\" data-widget_type=\"text-editor.default\">\n\t\t\t\t<div class=\"elementor-widget-container\">\n\t\t\t\t\t\t\t<p>12:00 p.m.<br \/>Sobbe\/Matyschok\/Landtau: <em><a href=\"https:\/\/36.diskursfestival.de\/en\/das-festival\/theater-und-performance\/#handeln\">Action by Omission<\/a> (topic 4)<\/em><\/p><p style=\"text-align: right;\"><em>performance lab<\/em><\/p>\t\t\t\t\t\t<\/div>\n\t\t\t\t<\/div>\n\t\t\t\t<div class=\"elementor-element elementor-element-e253f9b elementor-widget elementor-widget-text-editor\" data-id=\"e253f9b\" data-element_type=\"widget\" data-widget_type=\"text-editor.default\">\n\t\t\t\t<div class=\"elementor-widget-container\">\n\t\t\t\t\t\t\t<p>15:00 pm<br \/>TL Morrison: Workshop 2<br \/><a href=\"https:\/\/36.diskursfestival.de\/en\/das-festival\/theater-und-performance\/#posthuman\"><i>Posthuman Performance Lab<\/i><\/a><\/p><p style=\"text-align: right;\"><em>tba<\/em><\/p>\t\t\t\t\t\t<\/div>\n\t\t\t\t<\/div>\n\t\t\t\t<div class=\"elementor-element elementor-element-4c5180c elementor-widget elementor-widget-text-editor\" data-id=\"4c5180c\" data-element_type=\"widget\" data-widget_type=\"text-editor.default\">\n\t\t\t\t<div class=\"elementor-widget-container\">\n\t\t\t\t\t\t\t<p>03:30 p.m. to 04:00 p.m.<br \/>Stage inspection and introduction <em><a href=\"https:\/\/36.diskursfestival.de\/en\/das-festival\/theater-und-performance\/#handeln\">Action by Omission<\/a> 5<\/em><\/p><p style=\"text-align: right;\"><em>performance lab<\/em><\/p>\t\t\t\t\t\t<\/div>\n\t\t\t\t<\/div>\n\t\t\t\t<div class=\"elementor-element elementor-element-ed37828 elementor-widget elementor-widget-text-editor\" data-id=\"ed37828\" data-element_type=\"widget\" data-widget_type=\"text-editor.default\">\n\t\t\t\t<div class=\"elementor-widget-container\">\n\t\t\t\t\t\t\t<p>16:00 pm<br \/>Sobbe\/Matyschok\/Landtau: <em><a href=\"https:\/\/36.diskursfestival.de\/en\/das-festival\/theater-und-performance\/#handeln\">Action by Omission<\/a> (topic 5)<\/em><\/p><p style=\"text-align: right;\"><em>performance lab<\/em><\/p>\t\t\t\t\t\t<\/div>\n\t\t\t\t<\/div>\n\t\t\t\t<div class=\"elementor-element elementor-element-60ae358 elementor-widget elementor-widget-text-editor\" data-id=\"60ae358\" data-element_type=\"widget\" data-widget_type=\"text-editor.default\">\n\t\t\t\t<div class=\"elementor-widget-container\">\n\t\t\t\t\t\t\t<p>18:00 pm<br \/>After Talk to<br \/><em>Action by omission (4\/5)<\/em><\/p><p style=\"text-align: right;\"><em>Festival Center<\/em><\/p>\t\t\t\t\t\t<\/div>\n\t\t\t\t<\/div>\n\t\t<\/div><\/div>\t\t\t\t\t<\/div>","protected":false},"excerpt":{"rendered":"<p>Sonntag, 23. Oktober 12:00 Uhr\u00d6ffnung Festivalzentrumdurchgehend offen bis 00:00 Uhr Festivalzentrum 11:30 bis 12:00 UhrB\u00fchnenbegehung und Einf\u00fchrung Handeln durch Unterlassen 4 Theaterlabor 12:00 UhrSobbe\/Matyschok\/Landtau: Handeln durch Unterlassen (Thema 4) Theaterlabor 15:00 UhrTL Morrison: Workshop 2Posthuman Performance Lab tba 15:30 bis 16:00 UhrB\u00fchnenbegehung und Einf\u00fchrung Handeln durch Unterlassen 5 Theaterlabor 16:00 UhrSobbe\/Matyschok\/Landtau: Handeln durch Unterlassen (Thema [&hellip;]<\/p>","protected":false},"author":1,"featured_media":0,"parent":3260,"menu_order":0,"comment_status":"closed","ping_status":"closed","template":"","meta":[],"_links":{"self":[{"href":"https:\/\/36.diskursfestival.de\/en\/wp-json\/wp\/v2\/pages\/3361"}],"collection":[{"href":"https:\/\/36.diskursfestival.de\/en\/wp-json\/wp\/v2\/pages"}],"about":[{"href":"https:\/\/36.diskursfestival.de\/en\/wp-json\/wp\/v2\/types\/page"}],"author":[{"embeddable":true,"href":"https:\/\/36.diskursfestival.de\/en\/wp-json\/wp\/v2\/users\/1"}],"replies":[{"embeddable":true,"href":"https:\/\/36.diskursfestival.de\/en\/wp-json\/wp\/v2\/comments?post=3361"}],"version-history":[{"count":10,"href":"https:\/\/36.diskursfestival.de\/en\/wp-json\/wp\/v2\/pages\/3361\/revisions"}],"predecessor-version":[{"id":4733,"href":"https:\/\/36.diskursfestival.de\/en\/wp-json\/wp\/v2\/pages\/3361\/revisions\/4733"}],"up":[{"embeddable":true,"href":"https:\/\/36.diskursfestival.de\/en\/wp-json\/wp\/v2\/pages\/3260"}],"wp:attachment":[{"href":"https:\/\/36.diskursfestival.de\/en\/wp-json\/wp\/v2\/media?parent=3361"}],"curies":[{"name":"wp","href":"https:\/\/api.w.org\/{rel}","templated":true}]}}