{"id":6241,"date":"2022-10-08T22:01:01","date_gmt":"2022-10-08T20:01:01","guid":{"rendered":"https:\/\/36.diskursfestival.de\/?page_id=6241"},"modified":"2022-10-08T22:11:31","modified_gmt":"2022-10-08T20:11:31","slug":"awareness","status":"publish","type":"page","link":"https:\/\/36.diskursfestival.de\/en\/awareness\/","title":{"rendered":"Awareness"},"content":{"rendered":"<div data-elementor-type=\"wp-page\" data-elementor-id=\"6241\" class=\"elementor elementor-6241\">\n\t\t\t\t\t\t\t<div class=\"elementor-element elementor-element-bc31a99 e-container--column e-container\" data-id=\"bc31a99\" data-element_type=\"container\">\t\t<\/div><div class=\"elementor-element elementor-element-57975fd e-container--column e-container\" data-id=\"57975fd\" data-element_type=\"container\">\t\t\t\t<div class=\"elementor-element elementor-element-5ec4a48 elementor-widget__width-auto elementor-widget elementor-widget-heading\" data-id=\"5ec4a48\" data-element_type=\"widget\" data-widget_type=\"heading.default\">\n\t\t\t\t<div class=\"elementor-widget-container\">\n\t\t\t<style>\/*! elementor - v3.7.7 - 20-09-2022 *\/\n.elementor-heading-title{padding:0;margin:0;line-height:1}.elementor-widget-heading .elementor-heading-title[class*=elementor-size-]>a{color:inherit;font-size:inherit;line-height:inherit}.elementor-widget-heading .elementor-heading-title.elementor-size-small{font-size:15px}.elementor-widget-heading .elementor-heading-title.elementor-size-medium{font-size:19px}.elementor-widget-heading .elementor-heading-title.elementor-size-large{font-size:29px}.elementor-widget-heading .elementor-heading-title.elementor-size-xl{font-size:39px}.elementor-widget-heading .elementor-heading-title.elementor-size-xxl{font-size:59px}<\/style><h2 class=\"elementor-heading-title elementor-size-default\">AWARENESS<\/h2>\t\t<\/div>\n\t\t\t\t<\/div>\n\t\t<\/div><div class=\"elementor-element elementor-element-d921826 e-container--column e-container\" data-id=\"d921826\" data-element_type=\"container\">\t\t<div class=\"elementor-element elementor-element-faa69b5 e-container--column e-container\" data-id=\"faa69b5\" data-element_type=\"container\">\t\t\t\t<div class=\"elementor-element elementor-element-389829c elementor-widget elementor-widget-text-editor\" data-id=\"389829c\" data-element_type=\"widget\" data-widget_type=\"text-editor.default\">\n\t\t\t\t<div class=\"elementor-widget-container\">\n\t\t\t<style>\/*! elementor - v3.7.7 - 20-09-2022 *\/\n.elementor-widget-text-editor.elementor-drop-cap-view-stacked .elementor-drop-cap{background-color:#818a91;color:#fff}.elementor-widget-text-editor.elementor-drop-cap-view-framed .elementor-drop-cap{color:#818a91;border:3px solid;background-color:transparent}.elementor-widget-text-editor:not(.elementor-drop-cap-view-default) .elementor-drop-cap{margin-top:8px}.elementor-widget-text-editor:not(.elementor-drop-cap-view-default) .elementor-drop-cap-letter{width:1em;height:1em}.elementor-widget-text-editor .elementor-drop-cap{float:left;text-align:center;line-height:1;font-size:50px}.elementor-widget-text-editor .elementor-drop-cap-letter{display:inline-block}<\/style>\t\t\t\t<p>\"To be aware\" means to be conscious about the fact that other people in the space may have different boundaries and needs than you.\u00a0<\/p><p>In order for DISKURS Festival 2022 to be a space where as many people as possible can feel comfortable, we must all share responsibility. Unfortunately, complete security is not something we can guarantee you as a team.\u00a0<\/p><p>Things we want you to take with you for the festival visit:\u00a0<\/p><ul><li>\u2022\tBe aware that you may not know of the privileges people benefit from, but also forms of discrimination they are affected by.\u00a0<\/li><\/ul><ul><li>\u2022\tAsk for pronouns when introducing yourself to new people.<\/li><\/ul><ul><li>\u2022\tAsk for consent: only yes means yes and no means no.\u00a0<\/li><\/ul><ul><li>\u2022\tConsume responsibly and try to be aware of your own limits.<\/li><\/ul><p>We do not tolerate sexist, ableist, racist, homophobic, transphobic or otherwise discriminatory behavior. If you experience or notice this yourself, please contact us!<\/p><p>Report at the bar, at the entrance of the room or to the people of the DISKURS team. They are recognizable by black shirts with the print \"DISKURS Crew\".\u00a0<\/p><p><span style=\"color: #10f3a7;\">SHOUT-OUT-BOX:<\/span>\u00a0<\/p><p>If you want to tell us that a situation or person at the festival was or is assaultive, without being recognized, you can use our Shout-Out-Box. Write us an anonymous message. The box will be checked once a day.\u00a0<\/p><p><span style=\"color: #10f3a7;\">QUIET ROOM<\/span><\/p><p>The quiet room is located in B\u00fchnchen 3000 - the room on the first floor in the Performance Lab. You can relax there if you need a quiet space. The room is designed to be as non-stimulating as possible. If you do not want to be alone there, please contact the team or the information desk. <em>B\u00fchnchen 3000<\/em> &#8211; der Raum auf Erdgeschoss Ebene im Theaterlabor. Dort kannst du dich zur\u00fcckziehen, wenn du einen ruhigen Raum ben\u00f6tigst. Der Raum ist m\u00f6glichst reizarm gestaltet. Falls du dort nicht alleine sein willst, melde dich beim Team oder am Info-Stand.\u00a0<\/p>\t\t\t\t\t\t<\/div>\n\t\t\t\t<\/div>\n\t\t<\/div><\/div>\t\t\t\t\t<\/div>","protected":false},"excerpt":{"rendered":"<p>AWARENESS \u201cTo be aware\u201d hei\u00dft, sich bewusst zu sein, dass andere Menschen im Raum andere Grenzen und Bed\u00fcrfnisse als du haben k\u00f6nnen.\u00a0 Damit das DISKURS Festival 2022 ein Raum sein kann, wo sich m\u00f6glichst viele Menschen wohlf\u00fchlen k\u00f6nnen, m\u00fcssen wir alle gemeinsam Verantwortung tragen. Leider ist die komplette Sicherheit nicht etwas, was wir dir als [&hellip;]<\/p>","protected":false},"author":1,"featured_media":0,"parent":0,"menu_order":0,"comment_status":"closed","ping_status":"closed","template":"","meta":[],"_links":{"self":[{"href":"https:\/\/36.diskursfestival.de\/en\/wp-json\/wp\/v2\/pages\/6241"}],"collection":[{"href":"https:\/\/36.diskursfestival.de\/en\/wp-json\/wp\/v2\/pages"}],"about":[{"href":"https:\/\/36.diskursfestival.de\/en\/wp-json\/wp\/v2\/types\/page"}],"author":[{"embeddable":true,"href":"https:\/\/36.diskursfestival.de\/en\/wp-json\/wp\/v2\/users\/1"}],"replies":[{"embeddable":true,"href":"https:\/\/36.diskursfestival.de\/en\/wp-json\/wp\/v2\/comments?post=6241"}],"version-history":[{"count":14,"href":"https:\/\/36.diskursfestival.de\/en\/wp-json\/wp\/v2\/pages\/6241\/revisions"}],"predecessor-version":[{"id":6256,"href":"https:\/\/36.diskursfestival.de\/en\/wp-json\/wp\/v2\/pages\/6241\/revisions\/6256"}],"wp:attachment":[{"href":"https:\/\/36.diskursfestival.de\/en\/wp-json\/wp\/v2\/media?parent=6241"}],"curies":[{"name":"wp","href":"https:\/\/api.w.org\/{rel}","templated":true}]}}